{"id":7401,"date":"2024-11-28T11:46:45","date_gmt":"2024-11-28T11:46:45","guid":{"rendered":"https:\/\/asso-group.com\/?post_type=product&#038;p=7401"},"modified":"2024-12-23T03:27:55","modified_gmt":"2024-12-23T03:27:55","slug":"100-compostable-eco-friendly-bamboo-wipes-unscented-hypoallergenic-vegan-alcohol-free-suitable-for-sensitive-skin","status":"publish","type":"product","link":"https:\/\/www.asso-group.com\/de\/product\/100-compostable-eco-friendly-bamboo-wipes-unscented-hypoallergenic-vegan-alcohol-free-suitable-for-sensitive-skin\/","title":{"rendered":"100% Kompostierbare, umweltfreundliche Bambust\u00fccher, parf\u00fcmfrei, hypoallergen, vegan, alkoholfrei, f\u00fcr empfindliche Haut geeignet"},"content":{"rendered":"<h2>Eigenschaften von Babyt\u00fcchern<\/h2>\n<ul>\n<li><strong>100% Kompostierbar und biologisch abbaubar:<\/strong> Diese Babyt\u00fccher werden aus hochwertigem Bambus hergestellt, sind vollst\u00e4ndig kompostierbar und biologisch abbaubar und umweltfreundlich.<\/li>\n<li><strong>99% Gereinigte T\u00fccher:<\/strong> Ideal f\u00fcr die Anwendung selbst auf sehr empfindlichster Haut.<\/li>\n<li><strong>Transparente Formel:<\/strong> Nur 7 transparente Inhaltsstoffe, sanft und sicher f\u00fcr die empfindliche Babyhaut, aber gro\u00dfartig f\u00fcr die ganze Familie.<\/li>\n<li><strong>Tierversuchsfreie Tests:<\/strong> EWG-gepr\u00fcft, pH-neutral, dermatologisch getestet, von Kinder\u00e4rzten zugelassen, ohne Tierversuche, ohne Duftstoffe, ohne Farbstoffe, ohne Parabene oder Phthalate.<\/li>\n<li><strong>Enth\u00e4lt Inhaltsstoffe f\u00fcr die Hautpflege:<\/strong> Es enth\u00e4lt Avocado\u00f6l und Aloe Vera-Extrakt, die die Haut mit Feuchtigkeit versorgen und beruhigen.<\/li>\n<li><strong>Keine sch\u00e4dlichen Zusatzstoffe:<\/strong> Frei von Sulfaten, Parabenen, Duftstoffen, Alkohol und Chemikalien. Stellen Sie sicher, dass das Produkt rein und sicher ist.<\/li>\n<\/ul>\n<h2>Ma\u00dfgeschneidertes Private-Label-Produkt<\/h2>\n<p>Wir bieten verschiedene Inhaltsstoffe, Lotionen, Formeln, Stoffgewichte, Gr\u00f6\u00dfen und Verpackungen an.<\/p>\n<h2>Produktinformationen<\/h2>\n<table width=\"1051\">\n<tbody>\n<tr>\n<td width=\"258\">Material<\/td>\n<td width=\"793\">45 g\/m\u00b2 Plain Spunlace oder OEM<\/td>\n<\/tr>\n<tr>\n<td>Blattgr\u00f6\u00dfe<\/td>\n<td>15*20cm oder OEM<\/td>\n<\/tr>\n<tr>\n<td>Druckfarbe<\/td>\n<td>bis zu 8 Farben<\/td>\n<\/tr>\n<tr>\n<td>Mindestbestellmenge<\/td>\n<td>10.000 \u2013 30.000<\/td>\n<\/tr>\n<tr>\n<td>Probe<\/td>\n<td>Frei<\/td>\n<\/tr>\n<tr>\n<td>Zertifikate<\/td>\n<td>ISO9001, ISO 14001, ISO 22716, GMP, ISO 13485, FDA, CE, MDR, OEKO-TEX\u00ae<\/td>\n<\/tr>\n<tr>\n<td>Fabrikaudit<\/td>\n<td>Ja<\/td>\n<\/tr>\n<tr>\n<td>Zahlung<\/td>\n<td>T\/T<\/td>\n<\/tr>\n<\/tbody>\n<\/table>\n<h2>Verpackung und Lieferung<\/h2>\n<table style=\"border-collapse: collapse; width: 525.52pt;\" border=\"0\" width=\"1051\" cellspacing=\"0\" cellpadding=\"0\">\n<tbody>\n<tr style=\"height: 14.00pt;\">\n<td style=\"height: 14.00pt; width: 129.00pt;\" width=\"258\" height=\"28\">Verpackung<\/td>\n<td style=\"width: 396.50pt;\" width=\"793\">80 St\u00fcck pro Packung oder OEM<\/td>\n<\/tr>\n<tr style=\"height: 14.00pt;\">\n<td style=\"height: 14.00pt;\" height=\"28\">Verpackungsmaterial<\/td>\n<td>PE PET OPP<\/td>\n<\/tr>\n<tr style=\"height: 14.00pt;\">\n<td style=\"height: 14.00pt;\" height=\"28\">Karton<\/td>\n<td>24 Packungen pro Karton oder OEM<\/td>\n<\/tr>\n<tr style=\"height: 14.00pt;\">\n<td style=\"height: 14.00pt;\" height=\"28\">Vorlaufzeit<\/td>\n<td>Etwa 40 Tage<\/td>\n<\/tr>\n<tr style=\"height: 14.00pt;\">\n<td style=\"height: 14.00pt;\" height=\"28\">Verladehafen<\/td>\n<td>Shenzhen, China (ots\/PRNewswire)<\/td>\n<\/tr>\n<\/tbody>\n<\/table>","protected":false},"excerpt":{"rendered":"<p>Features of baby wipes 100% Compostable and Biodegradable: These baby wipes are manufactured from high-quality bamboo, are fully compostable and biodegradable, and are environmentally friendly. 99% Purified Wipes: Ideal for using on even the most sensitive skin. Transparent Formula: Only 7 transparent ingredients, gentle and safe for baby\u2019s sensitive skin but great for the whole [&hellip;]<\/p>\n","protected":false},"featured_media":7880,"comment_status":"open","ping_status":"closed","template":"","meta":{"site-sidebar-layout":"default","site-content-layout":"","ast-site-content-layout":"default","site-content-style":"default","site-sidebar-style":"default","ast-global-header-display":"","ast-banner-title-visibility":"","ast-main-header-display":"","ast-hfb-above-header-display":"","ast-hfb-below-header-display":"","ast-hfb-mobile-header-display":"","site-post-title":"","ast-breadcrumbs-content":"","ast-featured-img":"","footer-sml-layout":"","theme-transparent-header-meta":"default","adv-header-id-meta":"","stick-header-meta":"","header-above-stick-meta":"","header-main-stick-meta":"","header-below-stick-meta":"","astra-migrate-meta-layouts":"set","ast-page-background-enabled":"default","ast-page-background-meta":{"desktop":{"background-color":"var(--ast-global-color-4)","background-image":"","background-repeat":"repeat","background-position":"center center","background-size":"auto","background-attachment":"scroll","background-type":"","background-media":"","overlay-type":"","overlay-color":"","overlay-opacity":"","overlay-gradient":""},"tablet":{"background-color":"","background-image":"","background-repeat":"repeat","background-position":"center center","background-size":"auto","background-attachment":"scroll","background-type":"","background-media":"","overlay-type":"","overlay-color":"","overlay-opacity":"","overlay-gradient":""},"mobile":{"background-color":"","background-image":"","background-repeat":"repeat","background-position":"center center","background-size":"auto","background-attachment":"scroll","background-type":"","background-media":"","overlay-type":"","overlay-color":"","overlay-opacity":"","overlay-gradient":""}},"ast-content-background-meta":{"desktop":{"background-color":"var(--ast-global-color-5)","background-image":"","background-repeat":"repeat","background-position":"center center","background-size":"auto","background-attachment":"scroll","background-type":"","background-media":"","overlay-type":"","overlay-color":"","overlay-opacity":"","overlay-gradient":""},"tablet":{"background-color":"var(--ast-global-color-5)","background-image":"","background-repeat":"repeat","background-position":"center center","background-size":"auto","background-attachment":"scroll","background-type":"","background-media":"","overlay-type":"","overlay-color":"","overlay-opacity":"","overlay-gradient":""},"mobile":{"background-color":"var(--ast-global-color-5)","background-image":"","background-repeat":"repeat","background-position":"center center","background-size":"auto","background-attachment":"scroll","background-type":"","background-media":"","overlay-type":"","overlay-color":"","overlay-opacity":"","overlay-gradient":""}}},"product_brand":[],"product_cat":[26],"product_tag":[],"class_list":{"0":"post-7401","1":"product","2":"type-product","3":"status-publish","4":"has-post-thumbnail","6":"product_cat-baby-wipes","7":"desktop-align-left","8":"tablet-align-left","9":"mobile-align-left","11":"first","12":"instock","13":"shipping-taxable","14":"product-type-simple"},"_links":{"self":[{"href":"https:\/\/www.asso-group.com\/de\/wp-json\/wp\/v2\/product\/7401","targetHints":{"allow":["GET"]}}],"collection":[{"href":"https:\/\/www.asso-group.com\/de\/wp-json\/wp\/v2\/product"}],"about":[{"href":"https:\/\/www.asso-group.com\/de\/wp-json\/wp\/v2\/types\/product"}],"replies":[{"embeddable":true,"href":"https:\/\/www.asso-group.com\/de\/wp-json\/wp\/v2\/comments?post=7401"}],"wp:featuredmedia":[{"embeddable":true,"href":"https:\/\/www.asso-group.com\/de\/wp-json\/wp\/v2\/media\/7880"}],"wp:attachment":[{"href":"https:\/\/www.asso-group.com\/de\/wp-json\/wp\/v2\/media?parent=7401"}],"wp:term":[{"taxonomy":"product_brand","embeddable":true,"href":"https:\/\/www.asso-group.com\/de\/wp-json\/wp\/v2\/product_brand?post=7401"},{"taxonomy":"product_cat","embeddable":true,"href":"https:\/\/www.asso-group.com\/de\/wp-json\/wp\/v2\/product_cat?post=7401"},{"taxonomy":"product_tag","embeddable":true,"href":"https:\/\/www.asso-group.com\/de\/wp-json\/wp\/v2\/product_tag?post=7401"}],"curies":[{"name":"wp","href":"https:\/\/api.w.org\/{rel}","templated":true}]}}