{"id":7418,"date":"2024-11-28T12:47:34","date_gmt":"2024-11-28T12:47:34","guid":{"rendered":"https:\/\/asso-group.com\/?post_type=product&#038;p=7418"},"modified":"2024-12-23T03:15:00","modified_gmt":"2024-12-23T03:15:00","slug":"senior-care-wet-wipes","status":"publish","type":"product","link":"https:\/\/www.asso-group.com\/de\/product\/senior-care-wet-wipes\/","title":{"rendered":"Seniorenpflege Feuchtt\u00fccher"},"content":{"rendered":"<h2>Merkmale<\/h2>\n<ul>\n<li><strong>80 St\u00fcck pro Packung.<\/strong><\/li>\n<li><strong>Extra gro\u00dfe Gr\u00f6\u00dfe.<\/strong><\/li>\n<li><strong>Sicher und sanft f\u00fcr die empfindlichste Haut.<\/strong><\/li>\n<li><strong>Ma\u00dfgeschneidertes Private-Label-Produkt:<\/strong> Wir bieten verschiedene Inhaltsstoffe, Lotionen, Formeln, Stoffgewichte, Gr\u00f6\u00dfen und Verpackungen an.<\/li>\n<li><strong>Materialeigenschaften:<\/strong> 45 g starke Spunlace-Vliesstoffe, parallel oder gekreuzt \u00fcbereinander gelegt.<\/li>\n<li><strong>Gr\u00f6\u00dfe:<\/strong> Individuell gestaltet.<\/li>\n<\/ul>","protected":false},"excerpt":{"rendered":"<p>Eigenschaften: 80 St\u00fcck pro Packung. Extragro\u00df. Sicher und sanft f\u00fcr die empfindlichste Haut. Ma\u00dfgeschneidertes Private-Label-Produkt: Wir bieten verschiedene Inhaltsstoffe, Lotionen, Formeln, Stoffgewichte, Gr\u00f6\u00dfen und Verpackungen an. Materialeigenschaften: 45 g Maschen-Spunlace-Vliesstoffe, parallel oder gekreuzt geschichtet. Gr\u00f6\u00dfe: Ma\u00dfgeschneidert.<\/p>","protected":false},"featured_media":7877,"comment_status":"open","ping_status":"closed","template":"","meta":{"site-sidebar-layout":"default","site-content-layout":"","ast-site-content-layout":"default","site-content-style":"default","site-sidebar-style":"default","ast-global-header-display":"","ast-banner-title-visibility":"","ast-main-header-display":"","ast-hfb-above-header-display":"","ast-hfb-below-header-display":"","ast-hfb-mobile-header-display":"","site-post-title":"","ast-breadcrumbs-content":"","ast-featured-img":"","footer-sml-layout":"","theme-transparent-header-meta":"default","adv-header-id-meta":"","stick-header-meta":"","header-above-stick-meta":"","header-main-stick-meta":"","header-below-stick-meta":"","astra-migrate-meta-layouts":"set","ast-page-background-enabled":"default","ast-page-background-meta":{"desktop":{"background-color":"var(--ast-global-color-4)","background-image":"","background-repeat":"repeat","background-position":"center center","background-size":"auto","background-attachment":"scroll","background-type":"","background-media":"","overlay-type":"","overlay-color":"","overlay-opacity":"","overlay-gradient":""},"tablet":{"background-color":"","background-image":"","background-repeat":"repeat","background-position":"center center","background-size":"auto","background-attachment":"scroll","background-type":"","background-media":"","overlay-type":"","overlay-color":"","overlay-opacity":"","overlay-gradient":""},"mobile":{"background-color":"","background-image":"","background-repeat":"repeat","background-position":"center center","background-size":"auto","background-attachment":"scroll","background-type":"","background-media":"","overlay-type":"","overlay-color":"","overlay-opacity":"","overlay-gradient":""}},"ast-content-background-meta":{"desktop":{"background-color":"var(--ast-global-color-5)","background-image":"","background-repeat":"repeat","background-position":"center center","background-size":"auto","background-attachment":"scroll","background-type":"","background-media":"","overlay-type":"","overlay-color":"","overlay-opacity":"","overlay-gradient":""},"tablet":{"background-color":"var(--ast-global-color-5)","background-image":"","background-repeat":"repeat","background-position":"center center","background-size":"auto","background-attachment":"scroll","background-type":"","background-media":"","overlay-type":"","overlay-color":"","overlay-opacity":"","overlay-gradient":""},"mobile":{"background-color":"var(--ast-global-color-5)","background-image":"","background-repeat":"repeat","background-position":"center center","background-size":"auto","background-attachment":"scroll","background-type":"","background-media":"","overlay-type":"","overlay-color":"","overlay-opacity":"","overlay-gradient":""}}},"product_brand":[],"product_cat":[28],"product_tag":[],"class_list":{"0":"post-7418","1":"product","2":"type-product","3":"status-publish","4":"has-post-thumbnail","6":"product_cat-personal-care-wipes","7":"desktop-align-left","8":"tablet-align-left","9":"mobile-align-left","11":"first","12":"instock","13":"shipping-taxable","14":"product-type-simple"},"_links":{"self":[{"href":"https:\/\/www.asso-group.com\/de\/wp-json\/wp\/v2\/product\/7418","targetHints":{"allow":["GET"]}}],"collection":[{"href":"https:\/\/www.asso-group.com\/de\/wp-json\/wp\/v2\/product"}],"about":[{"href":"https:\/\/www.asso-group.com\/de\/wp-json\/wp\/v2\/types\/product"}],"replies":[{"embeddable":true,"href":"https:\/\/www.asso-group.com\/de\/wp-json\/wp\/v2\/comments?post=7418"}],"wp:featuredmedia":[{"embeddable":true,"href":"https:\/\/www.asso-group.com\/de\/wp-json\/wp\/v2\/media\/7877"}],"wp:attachment":[{"href":"https:\/\/www.asso-group.com\/de\/wp-json\/wp\/v2\/media?parent=7418"}],"wp:term":[{"taxonomy":"product_brand","embeddable":true,"href":"https:\/\/www.asso-group.com\/de\/wp-json\/wp\/v2\/product_brand?post=7418"},{"taxonomy":"product_cat","embeddable":true,"href":"https:\/\/www.asso-group.com\/de\/wp-json\/wp\/v2\/product_cat?post=7418"},{"taxonomy":"product_tag","embeddable":true,"href":"https:\/\/www.asso-group.com\/de\/wp-json\/wp\/v2\/product_tag?post=7418"}],"curies":[{"name":"wp","href":"https:\/\/api.w.org\/{rel}","templated":true}]}}