{"id":7434,"date":"2024-11-28T13:10:40","date_gmt":"2024-11-28T13:10:40","guid":{"rendered":"https:\/\/asso-group.com\/?post_type=product&#038;p=7434"},"modified":"2024-12-23T06:55:57","modified_gmt":"2024-12-23T06:55:57","slug":"flushable-moist-toilet-wipes-40pcs-with-lid","status":"publish","type":"product","link":"https:\/\/www.asso-group.com\/de\/product\/flushable-moist-toilet-wipes-40pcs-with-lid\/","title":{"rendered":"Feuchte Toilettent\u00fccher zum Absp\u00fclen, 40 St\u00fcck, mit Deckel"},"content":{"rendered":"<h2>Merkmale<\/h2>\n<ul>\n<li>Hygienisch und erfrischend.<\/li>\n<li>Weich und hautfreundlich.<\/li>\n<li>T\u00f6tet 99,91 TP3T Bakterien, ohne Alkohol.<\/li>\n<li>Ohne Duft (optional).<\/li>\n<\/ul>\n<p><strong>Ma\u00dfgeschneidertes Private-Label-Produkt:<\/strong> Wir bieten verschiedene Inhaltsstoffe, Formeln, Stoffgewichte, D\u00fcfte, Gr\u00f6\u00dfen und Verpackungen an.<\/p>\n<p><strong>Materialeigenschaften:<\/strong> 65 g\/m\u00b2, sp\u00fclbarer Vliesstoff, 20 x 15 cm pro Tuch, Regenbogenmuster.<\/p>\n<p><strong>Verpackungsdetails:<\/strong> 40 St\u00fcck\/Packung; 18 Packungen\/Karton.<\/p>","protected":false},"excerpt":{"rendered":"<p>Features Hygienic and Refreshing. Soft and Skin-Friendly. Kill 99.9% of Bacteria, Alcohol Free. Unscented (optional). Customized Private Label Product: We offer various ingredients, formulas, weight of fabric, fragrances, sizes and packing. Material Properties: 65gsm flushable nonwoven fabric, 20*15cm per wipe, rainbow pattern. Packing Details: 40 pcs\/pack; 18 packs\/case.<\/p>","protected":false},"featured_media":7895,"comment_status":"open","ping_status":"closed","template":"","meta":{"site-sidebar-layout":"default","site-content-layout":"","ast-site-content-layout":"default","site-content-style":"default","site-sidebar-style":"default","ast-global-header-display":"","ast-banner-title-visibility":"","ast-main-header-display":"","ast-hfb-above-header-display":"","ast-hfb-below-header-display":"","ast-hfb-mobile-header-display":"","site-post-title":"","ast-breadcrumbs-content":"","ast-featured-img":"","footer-sml-layout":"","theme-transparent-header-meta":"default","adv-header-id-meta":"","stick-header-meta":"","header-above-stick-meta":"","header-main-stick-meta":"","header-below-stick-meta":"","astra-migrate-meta-layouts":"set","ast-page-background-enabled":"default","ast-page-background-meta":{"desktop":{"background-color":"var(--ast-global-color-4)","background-image":"","background-repeat":"repeat","background-position":"center center","background-size":"auto","background-attachment":"scroll","background-type":"","background-media":"","overlay-type":"","overlay-color":"","overlay-opacity":"","overlay-gradient":""},"tablet":{"background-color":"","background-image":"","background-repeat":"repeat","background-position":"center center","background-size":"auto","background-attachment":"scroll","background-type":"","background-media":"","overlay-type":"","overlay-color":"","overlay-opacity":"","overlay-gradient":""},"mobile":{"background-color":"","background-image":"","background-repeat":"repeat","background-position":"center center","background-size":"auto","background-attachment":"scroll","background-type":"","background-media":"","overlay-type":"","overlay-color":"","overlay-opacity":"","overlay-gradient":""}},"ast-content-background-meta":{"desktop":{"background-color":"var(--ast-global-color-5)","background-image":"","background-repeat":"repeat","background-position":"center center","background-size":"auto","background-attachment":"scroll","background-type":"","background-media":"","overlay-type":"","overlay-color":"","overlay-opacity":"","overlay-gradient":""},"tablet":{"background-color":"var(--ast-global-color-5)","background-image":"","background-repeat":"repeat","background-position":"center center","background-size":"auto","background-attachment":"scroll","background-type":"","background-media":"","overlay-type":"","overlay-color":"","overlay-opacity":"","overlay-gradient":""},"mobile":{"background-color":"var(--ast-global-color-5)","background-image":"","background-repeat":"repeat","background-position":"center center","background-size":"auto","background-attachment":"scroll","background-type":"","background-media":"","overlay-type":"","overlay-color":"","overlay-opacity":"","overlay-gradient":""}}},"product_brand":[],"product_cat":[27],"product_tag":[],"class_list":{"0":"post-7434","1":"product","2":"type-product","3":"status-publish","4":"has-post-thumbnail","6":"product_cat-household-wipes","7":"desktop-align-left","8":"tablet-align-left","9":"mobile-align-left","11":"first","12":"instock","13":"shipping-taxable","14":"product-type-simple"},"_links":{"self":[{"href":"https:\/\/www.asso-group.com\/de\/wp-json\/wp\/v2\/product\/7434","targetHints":{"allow":["GET"]}}],"collection":[{"href":"https:\/\/www.asso-group.com\/de\/wp-json\/wp\/v2\/product"}],"about":[{"href":"https:\/\/www.asso-group.com\/de\/wp-json\/wp\/v2\/types\/product"}],"replies":[{"embeddable":true,"href":"https:\/\/www.asso-group.com\/de\/wp-json\/wp\/v2\/comments?post=7434"}],"wp:featuredmedia":[{"embeddable":true,"href":"https:\/\/www.asso-group.com\/de\/wp-json\/wp\/v2\/media\/7895"}],"wp:attachment":[{"href":"https:\/\/www.asso-group.com\/de\/wp-json\/wp\/v2\/media?parent=7434"}],"wp:term":[{"taxonomy":"product_brand","embeddable":true,"href":"https:\/\/www.asso-group.com\/de\/wp-json\/wp\/v2\/product_brand?post=7434"},{"taxonomy":"product_cat","embeddable":true,"href":"https:\/\/www.asso-group.com\/de\/wp-json\/wp\/v2\/product_cat?post=7434"},{"taxonomy":"product_tag","embeddable":true,"href":"https:\/\/www.asso-group.com\/de\/wp-json\/wp\/v2\/product_tag?post=7434"}],"curies":[{"name":"wp","href":"https:\/\/api.w.org\/{rel}","templated":true}]}}