{"id":7401,"date":"2024-11-28T11:46:45","date_gmt":"2024-11-28T11:46:45","guid":{"rendered":"https:\/\/asso-group.com\/?post_type=product&#038;p=7401"},"modified":"2024-12-23T03:27:55","modified_gmt":"2024-12-23T03:27:55","slug":"100-compostable-eco-friendly-bamboo-wipes-unscented-hypoallergenic-vegan-alcohol-free-suitable-for-sensitive-skin","status":"publish","type":"product","link":"https:\/\/www.asso-group.com\/es\/product\/100-compostable-eco-friendly-bamboo-wipes-unscented-hypoallergenic-vegan-alcohol-free-suitable-for-sensitive-skin\/","title":{"rendered":"100% Toallitas de bamb\u00fa ecol\u00f3gicas compostables, sin perfume, hipoalerg\u00e9nicas, veganas, sin alcohol, aptas para pieles sensibles"},"content":{"rendered":"<h2>Caracter\u00edsticas de las toallitas para beb\u00e9s<\/h2>\n<ul>\n<li><strong>100% Compostable y biodegradable:<\/strong> Estas toallitas para beb\u00e9s est\u00e1n fabricadas con bamb\u00fa de alta calidad, son totalmente compostables y biodegradables, y respetan el medio ambiente.<\/li>\n<li><strong>99% Toallitas purificadas:<\/strong> Ideal para su uso incluso en las pieles m\u00e1s sensibles.<\/li>\n<li><strong>F\u00f3rmula transparente:<\/strong> S\u00f3lo 7 ingredientes transparentes, suaves y seguros para la piel sensible del beb\u00e9, pero estupendos para toda la familia.<\/li>\n<li><strong>Pruebas sin crueldad:<\/strong> Verificado por EWG, pH equilibrado, testado por dermat\u00f3logos, aprobado por pediatras, sin crueldad, sin fragancias, sin colorantes, sin parabenos ni ftalatos.<\/li>\n<li><strong>Contiene ingredientes para el cuidado de la piel:<\/strong> Contiene aceite de aguacate y extracto de aloe vera, que ayudan a hidratar y calmar la piel.<\/li>\n<li><strong>Sin aditivos nocivos:<\/strong> Libre de sulfatos, parabenos, fragancias, alcohol y productos qu\u00edmicos, Aseg\u00farese de que el producto es puro y seguro.<\/li>\n<\/ul>\n<h2>Productos personalizados de marca blanca<\/h2>\n<p>Ofrecemos varios ingredientes, lociones, f\u00f3rmulas, peso del tejido, tama\u00f1os y embalajes.<\/p>\n<h2>Informaci\u00f3n sobre el producto<\/h2>\n<table width=\"1051\">\n<tbody>\n<tr>\n<td width=\"258\">Material<\/td>\n<td width=\"793\">45gsm Plain Spunlace u OEM<\/td>\n<\/tr>\n<tr>\n<td>Tama\u00f1o de la hoja<\/td>\n<td>15*20cm u OEM<\/td>\n<\/tr>\n<tr>\n<td>Impresi\u00f3n en color<\/td>\n<td>hasta 8 colores<\/td>\n<\/tr>\n<tr>\n<td>MOQ<\/td>\n<td>10k - 30k<\/td>\n<\/tr>\n<tr>\n<td>Muestra<\/td>\n<td>Gratis<\/td>\n<\/tr>\n<tr>\n<td>Certificados<\/td>\n<td>ISO9001, ISO 14001, ISO 22716, GMP, ISO 13485,FDA ,CE, MDR,OEKO-TEX<\/td>\n<\/tr>\n<tr>\n<td>Auditor\u00eda de f\u00e1brica<\/td>\n<td>S\u00ed<\/td>\n<\/tr>\n<tr>\n<td>Pago<\/td>\n<td>T\/T<\/td>\n<\/tr>\n<\/tbody>\n<\/table>\n<h2>Embalaje y entrega<\/h2>\n<table style=\"border-collapse: collapse; width: 525.52pt;\" border=\"0\" width=\"1051\" cellspacing=\"0\" cellpadding=\"0\">\n<tbody>\n<tr style=\"height: 14.00pt;\">\n<td style=\"height: 14.00pt; width: 129.00pt;\" width=\"258\" height=\"28\">Embalaje<\/td>\n<td style=\"width: 396.50pt;\" width=\"793\">80 unidades por paquete, u OEM<\/td>\n<\/tr>\n<tr style=\"height: 14.00pt;\">\n<td style=\"height: 14.00pt;\" height=\"28\">Material del envase<\/td>\n<td>PE PET OPP<\/td>\n<\/tr>\n<tr style=\"height: 14.00pt;\">\n<td style=\"height: 14.00pt;\" height=\"28\">Cart\u00f3n<\/td>\n<td>24 paquetes por caja u OEM<\/td>\n<\/tr>\n<tr style=\"height: 14.00pt;\">\n<td style=\"height: 14.00pt;\" height=\"28\">Tiempo de liderazgo<\/td>\n<td>Alrededor de 40 d\u00edas<\/td>\n<\/tr>\n<tr style=\"height: 14.00pt;\">\n<td style=\"height: 14.00pt;\" height=\"28\">Puerto de carga<\/td>\n<td>Shenzhen (China)<\/td>\n<\/tr>\n<\/tbody>\n<\/table>","protected":false},"excerpt":{"rendered":"<p>Features of baby wipes 100% Compostable and Biodegradable: These baby wipes are manufactured from high-quality bamboo, are fully compostable and biodegradable, and are environmentally friendly. 99% Purified Wipes: Ideal for using on even the most sensitive skin. Transparent Formula: Only 7 transparent ingredients, gentle and safe for baby\u2019s sensitive skin but great for the whole [&hellip;]<\/p>\n","protected":false},"featured_media":7880,"comment_status":"open","ping_status":"closed","template":"","meta":{"site-sidebar-layout":"default","site-content-layout":"","ast-site-content-layout":"default","site-content-style":"default","site-sidebar-style":"default","ast-global-header-display":"","ast-banner-title-visibility":"","ast-main-header-display":"","ast-hfb-above-header-display":"","ast-hfb-below-header-display":"","ast-hfb-mobile-header-display":"","site-post-title":"","ast-breadcrumbs-content":"","ast-featured-img":"","footer-sml-layout":"","theme-transparent-header-meta":"default","adv-header-id-meta":"","stick-header-meta":"","header-above-stick-meta":"","header-main-stick-meta":"","header-below-stick-meta":"","astra-migrate-meta-layouts":"set","ast-page-background-enabled":"default","ast-page-background-meta":{"desktop":{"background-color":"var(--ast-global-color-4)","background-image":"","background-repeat":"repeat","background-position":"center center","background-size":"auto","background-attachment":"scroll","background-type":"","background-media":"","overlay-type":"","overlay-color":"","overlay-opacity":"","overlay-gradient":""},"tablet":{"background-color":"","background-image":"","background-repeat":"repeat","background-position":"center center","background-size":"auto","background-attachment":"scroll","background-type":"","background-media":"","overlay-type":"","overlay-color":"","overlay-opacity":"","overlay-gradient":""},"mobile":{"background-color":"","background-image":"","background-repeat":"repeat","background-position":"center center","background-size":"auto","background-attachment":"scroll","background-type":"","background-media":"","overlay-type":"","overlay-color":"","overlay-opacity":"","overlay-gradient":""}},"ast-content-background-meta":{"desktop":{"background-color":"var(--ast-global-color-5)","background-image":"","background-repeat":"repeat","background-position":"center center","background-size":"auto","background-attachment":"scroll","background-type":"","background-media":"","overlay-type":"","overlay-color":"","overlay-opacity":"","overlay-gradient":""},"tablet":{"background-color":"var(--ast-global-color-5)","background-image":"","background-repeat":"repeat","background-position":"center center","background-size":"auto","background-attachment":"scroll","background-type":"","background-media":"","overlay-type":"","overlay-color":"","overlay-opacity":"","overlay-gradient":""},"mobile":{"background-color":"var(--ast-global-color-5)","background-image":"","background-repeat":"repeat","background-position":"center center","background-size":"auto","background-attachment":"scroll","background-type":"","background-media":"","overlay-type":"","overlay-color":"","overlay-opacity":"","overlay-gradient":""}}},"product_brand":[],"product_cat":[26],"product_tag":[],"class_list":{"0":"post-7401","1":"product","2":"type-product","3":"status-publish","4":"has-post-thumbnail","6":"product_cat-baby-wipes","7":"desktop-align-left","8":"tablet-align-left","9":"mobile-align-left","11":"first","12":"instock","13":"shipping-taxable","14":"product-type-simple"},"_links":{"self":[{"href":"https:\/\/www.asso-group.com\/es\/wp-json\/wp\/v2\/product\/7401","targetHints":{"allow":["GET"]}}],"collection":[{"href":"https:\/\/www.asso-group.com\/es\/wp-json\/wp\/v2\/product"}],"about":[{"href":"https:\/\/www.asso-group.com\/es\/wp-json\/wp\/v2\/types\/product"}],"replies":[{"embeddable":true,"href":"https:\/\/www.asso-group.com\/es\/wp-json\/wp\/v2\/comments?post=7401"}],"wp:featuredmedia":[{"embeddable":true,"href":"https:\/\/www.asso-group.com\/es\/wp-json\/wp\/v2\/media\/7880"}],"wp:attachment":[{"href":"https:\/\/www.asso-group.com\/es\/wp-json\/wp\/v2\/media?parent=7401"}],"wp:term":[{"taxonomy":"product_brand","embeddable":true,"href":"https:\/\/www.asso-group.com\/es\/wp-json\/wp\/v2\/product_brand?post=7401"},{"taxonomy":"product_cat","embeddable":true,"href":"https:\/\/www.asso-group.com\/es\/wp-json\/wp\/v2\/product_cat?post=7401"},{"taxonomy":"product_tag","embeddable":true,"href":"https:\/\/www.asso-group.com\/es\/wp-json\/wp\/v2\/product_tag?post=7401"}],"curies":[{"name":"wp","href":"https:\/\/api.w.org\/{rel}","templated":true}]}}