{"id":7391,"date":"2024-11-28T07:41:08","date_gmt":"2024-11-28T07:41:08","guid":{"rendered":"https:\/\/asso-group.com\/?post_type=product&#038;p=7391"},"modified":"2024-11-28T07:57:55","modified_gmt":"2024-11-28T07:57:55","slug":"sensitive-baby-wipes-water-based-hypoallergenic-and-unscented","status":"publish","type":"product","link":"https:\/\/www.asso-group.com\/fr\/product\/sensitive-baby-wipes-water-based-hypoallergenic-and-unscented\/","title":{"rendered":"Lingettes pour b\u00e9b\u00e9s sensibles, \u00e0 base d'eau, hypoallerg\u00e9niques et non parfum\u00e9es"},"content":{"rendered":"<h2>Features of sensitive baby wipes<\/h2>\n<ul>\n<li><strong>Clinically Proven for Sensitive Skin:<\/strong> These baby wipes are clinically proven to be safe for sensitive skin\u3002<\/li>\n<li><strong>Thick and Soft:<\/strong> Gently cares for your baby\u2019s delicate skin.<\/li>\n<li><strong>Non-alcohol and Skin-Friendly:<\/strong> Gentle and hypoallergenic\u20140% alcohol, fragrance, parabens and latex* (*No rubbing alcohol and no natural rubber latex).<\/li>\n<li><strong>Hypoallergenic &amp; Dermatologist-Tested:<\/strong> The product has been dermatologist tested and confirmed to be hypoallergenic and suitable for sensitive skin.<\/li>\n<li><strong>Flushable:<\/strong> Flushable baby wipes, or those that can be safely flushed down the toilet, offer several advantages and considerations. Convenience after use, it&#8217;s easier for parents to dispose of the wipes by flushing them down the toilet than throwing them in the trash, especially during nappy changes. They are designed to break down quickly in water, which minimises the risk of plumbing issues and environmental pollution. This feature is particularly beneficial for busy parents and contributes to a cleaner and more sustainable household routine.<\/li>\n<\/ul>\n<h2>Produit de marque priv\u00e9e personnalis\u00e9<\/h2>\n<p>Nous proposons diff\u00e9rents ingr\u00e9dients, lotions, formules, poids de tissu, tailles et emballages.<\/p>\n<h2>Informations sur le produit<\/h2>\n<table width=\"1051\">\n<tbody>\n<tr>\n<td width=\"258\">Mat\u00e9riau<\/td>\n<td width=\"793\">45 g\/m\u00b2, fil\u00e9 \u00e0 la main ou OEM<\/td>\n<\/tr>\n<tr>\n<td>Taille de la feuille<\/td>\n<td>15*20cm ou OEM<\/td>\n<\/tr>\n<tr>\n<td>Couleur d'impression<\/td>\n<td>jusqu'\u00e0 8 couleurs<\/td>\n<\/tr>\n<tr>\n<td>MOQ<\/td>\n<td>10k - 30k<\/td>\n<\/tr>\n<tr>\n<td>\u00c9chantillon<\/td>\n<td>Gratuit<\/td>\n<\/tr>\n<tr>\n<td>Certificats<\/td>\n<td>ISO9001, ISO 14001, ISO 22716, GMP, ISO 13485,FDA ,CE, MDR,OEKO-TEX\u00ae.<\/td>\n<\/tr>\n<tr>\n<td>Audit d'usine<\/td>\n<td>Oui<\/td>\n<\/tr>\n<tr>\n<td>Paiement<\/td>\n<td>T\/T<\/td>\n<\/tr>\n<\/tbody>\n<\/table>\n<h2>Emballage et livraison<\/h2>\n<table style=\"border-collapse: collapse; width: 525.52pt;\" border=\"0\" width=\"1051\" cellspacing=\"0\" cellpadding=\"0\">\n<tbody>\n<tr style=\"height: 14.00pt;\">\n<td style=\"height: 14.00pt; width: 129.00pt;\" width=\"258\" height=\"28\">Emballage<\/td>\n<td style=\"width: 396.50pt;\" width=\"793\">80 pi\u00e8ces par paquet, ou OEM<\/td>\n<\/tr>\n<tr style=\"height: 14.00pt;\">\n<td style=\"height: 14.00pt;\" height=\"28\">Mat\u00e9riau de l'emballage<\/td>\n<td>PE PET OPP<\/td>\n<\/tr>\n<tr style=\"height: 14.00pt;\">\n<td style=\"height: 14.00pt;\" height=\"28\">Carton<\/td>\n<td>24 paquets par carton ou OEM<\/td>\n<\/tr>\n<tr style=\"height: 14.00pt;\">\n<td style=\"height: 14.00pt;\" height=\"28\">Temps d'avance<\/td>\n<td>Environ 40 jours<\/td>\n<\/tr>\n<tr style=\"height: 14.00pt;\">\n<td style=\"height: 14.00pt;\" height=\"28\">Port de chargement<\/td>\n<td>Shenzhen Chine<\/td>\n<\/tr>\n<\/tbody>\n<\/table>\n<p>&nbsp;<\/p>","protected":false},"excerpt":{"rendered":"<p>Features of sensitive baby wipes Clinically Proven for Sensitive Skin: These baby wipes are clinically proven to be safe for sensitive skin\u3002 Thick and Soft: Gently cares for your baby\u2019s delicate skin. Non-alcohol and Skin-Friendly: Gentle and hypoallergenic\u20140% alcohol, fragrance, parabens and latex* (*No rubbing alcohol and no natural rubber latex). Hypoallergenic &amp; Dermatologist-Tested: The [&hellip;]<\/p>","protected":false},"featured_media":7379,"comment_status":"open","ping_status":"closed","template":"","meta":{"site-sidebar-layout":"default","site-content-layout":"","ast-site-content-layout":"default","site-content-style":"default","site-sidebar-style":"default","ast-global-header-display":"","ast-banner-title-visibility":"","ast-main-header-display":"","ast-hfb-above-header-display":"","ast-hfb-below-header-display":"","ast-hfb-mobile-header-display":"","site-post-title":"","ast-breadcrumbs-content":"","ast-featured-img":"","footer-sml-layout":"","theme-transparent-header-meta":"default","adv-header-id-meta":"","stick-header-meta":"","header-above-stick-meta":"","header-main-stick-meta":"","header-below-stick-meta":"","astra-migrate-meta-layouts":"set","ast-page-background-enabled":"default","ast-page-background-meta":{"desktop":{"background-color":"var(--ast-global-color-4)","background-image":"","background-repeat":"repeat","background-position":"center center","background-size":"auto","background-attachment":"scroll","background-type":"","background-media":"","overlay-type":"","overlay-color":"","overlay-opacity":"","overlay-gradient":""},"tablet":{"background-color":"","background-image":"","background-repeat":"repeat","background-position":"center center","background-size":"auto","background-attachment":"scroll","background-type":"","background-media":"","overlay-type":"","overlay-color":"","overlay-opacity":"","overlay-gradient":""},"mobile":{"background-color":"","background-image":"","background-repeat":"repeat","background-position":"center center","background-size":"auto","background-attachment":"scroll","background-type":"","background-media":"","overlay-type":"","overlay-color":"","overlay-opacity":"","overlay-gradient":""}},"ast-content-background-meta":{"desktop":{"background-color":"var(--ast-global-color-5)","background-image":"","background-repeat":"repeat","background-position":"center center","background-size":"auto","background-attachment":"scroll","background-type":"","background-media":"","overlay-type":"","overlay-color":"","overlay-opacity":"","overlay-gradient":""},"tablet":{"background-color":"var(--ast-global-color-5)","background-image":"","background-repeat":"repeat","background-position":"center center","background-size":"auto","background-attachment":"scroll","background-type":"","background-media":"","overlay-type":"","overlay-color":"","overlay-opacity":"","overlay-gradient":""},"mobile":{"background-color":"var(--ast-global-color-5)","background-image":"","background-repeat":"repeat","background-position":"center center","background-size":"auto","background-attachment":"scroll","background-type":"","background-media":"","overlay-type":"","overlay-color":"","overlay-opacity":"","overlay-gradient":""}}},"product_brand":[],"product_cat":[26],"product_tag":[],"class_list":{"0":"post-7391","1":"product","2":"type-product","3":"status-publish","4":"has-post-thumbnail","6":"product_cat-baby-wipes","7":"desktop-align-left","8":"tablet-align-left","9":"mobile-align-left","11":"first","12":"instock","13":"shipping-taxable","14":"product-type-simple"},"_links":{"self":[{"href":"https:\/\/www.asso-group.com\/fr\/wp-json\/wp\/v2\/product\/7391","targetHints":{"allow":["GET"]}}],"collection":[{"href":"https:\/\/www.asso-group.com\/fr\/wp-json\/wp\/v2\/product"}],"about":[{"href":"https:\/\/www.asso-group.com\/fr\/wp-json\/wp\/v2\/types\/product"}],"replies":[{"embeddable":true,"href":"https:\/\/www.asso-group.com\/fr\/wp-json\/wp\/v2\/comments?post=7391"}],"wp:featuredmedia":[{"embeddable":true,"href":"https:\/\/www.asso-group.com\/fr\/wp-json\/wp\/v2\/media\/7379"}],"wp:attachment":[{"href":"https:\/\/www.asso-group.com\/fr\/wp-json\/wp\/v2\/media?parent=7391"}],"wp:term":[{"taxonomy":"product_brand","embeddable":true,"href":"https:\/\/www.asso-group.com\/fr\/wp-json\/wp\/v2\/product_brand?post=7391"},{"taxonomy":"product_cat","embeddable":true,"href":"https:\/\/www.asso-group.com\/fr\/wp-json\/wp\/v2\/product_cat?post=7391"},{"taxonomy":"product_tag","embeddable":true,"href":"https:\/\/www.asso-group.com\/fr\/wp-json\/wp\/v2\/product_tag?post=7391"}],"curies":[{"name":"wp","href":"https:\/\/api.w.org\/{rel}","templated":true}]}}