{"id":7395,"date":"2024-11-28T09:29:33","date_gmt":"2024-11-28T09:29:33","guid":{"rendered":"https:\/\/asso-group.com\/?post_type=product&#038;p=7395"},"modified":"2024-11-28T09:32:27","modified_gmt":"2024-11-28T09:32:27","slug":"unscented-baby-wipes-compostable-plant-basedhypoallergenic-for-sensitive-skin-ewg-verifie","status":"publish","type":"product","link":"https:\/\/www.asso-group.com\/fr\/product\/unscented-baby-wipes-compostable-plant-basedhypoallergenic-for-sensitive-skin-ewg-verifie\/","title":{"rendered":"Lingettes non parfum\u00e9es compostables, \u00e0 base de plantes, hypoallerg\u00e9niques pour les peaux sensibles, v\u00e9rifi\u00e9es par l'EWG"},"content":{"rendered":"<h2>Caract\u00e9ristiques des lingettes pour b\u00e9b\u00e9s<\/h2>\n<ul>\n<li><strong>Compostable and Plant-based:<\/strong> Made from plant-based materials, these baby wipes are compostable and environmentally friendly.<\/li>\n<li><strong>High Moisture Content:<\/strong> Over 99% water, making sure the wipes are moist and gentle.<\/li>\n<li><strong>Transparent Formula:<\/strong> Only 7 transparent ingredients, gentle and safe for baby\u2019s sensitive skin but great for the whole family.<\/li>\n<li><strong>Hypoallergenic, Fragrance Free, Dermatologist Tested:<\/strong> It is suitable for sensitive skin, dermatologist tested, safe to use. Fragrance-free, alcohol-free, bronopol-free, dye-free, paraben-free and phthalate-free to reduce the risk of irritation.<\/li>\n<li><strong>National Eczema Recognition:<\/strong> Recognized with the National Eczema seal of acceptance, which means you can trust that this product is safe and suitable for people with sensitive skin.<\/li>\n<li><strong>Ultra Durable and Thick:<\/strong> Ultra durable and extra thick with a convenient flip-top dispenser, more comfortable to use.<\/li>\n<li><strong>EWG Verified:<\/strong> EWG verified, cruelty-free, made without plastic cloth\/fabric, fragrances, parabens, alcohol and chlorine processing.<\/li>\n<\/ul>\n<h2>Produit de marque priv\u00e9e personnalis\u00e9<\/h2>\n<p>Nous proposons diff\u00e9rents ingr\u00e9dients, lotions, formules, poids de tissu, tailles et emballages.<\/p>\n<h2>Informations sur le produit<\/h2>\n<table width=\"1051\">\n<tbody>\n<tr>\n<td width=\"258\">Mat\u00e9riau<\/td>\n<td width=\"793\">45 g\/m\u00b2, fil\u00e9 \u00e0 la main ou OEM<\/td>\n<\/tr>\n<tr>\n<td>Taille de la feuille<\/td>\n<td>15*20cm ou OEM<\/td>\n<\/tr>\n<tr>\n<td>Couleur d'impression<\/td>\n<td>jusqu'\u00e0 8 couleurs<\/td>\n<\/tr>\n<tr>\n<td>MOQ<\/td>\n<td>10k - 30k<\/td>\n<\/tr>\n<tr>\n<td>\u00c9chantillon<\/td>\n<td>Gratuit<\/td>\n<\/tr>\n<tr>\n<td>Certificats<\/td>\n<td>ISO9001, ISO 14001, ISO 22716, GMP, ISO 13485,FDA ,CE, MDR,OEKO-TEX\u00ae.<\/td>\n<\/tr>\n<tr>\n<td>Audit d'usine<\/td>\n<td>Oui<\/td>\n<\/tr>\n<tr>\n<td>Paiement<\/td>\n<td>T\/T<\/td>\n<\/tr>\n<\/tbody>\n<\/table>\n<h2>Emballage et livraison<\/h2>\n<table style=\"border-collapse: collapse; width: 525.52pt;\" border=\"0\" width=\"1051\" cellspacing=\"0\" cellpadding=\"0\">\n<tbody>\n<tr style=\"height: 14.00pt;\">\n<td style=\"height: 14.00pt; width: 129.00pt;\" width=\"258\" height=\"28\">Emballage<\/td>\n<td style=\"width: 396.50pt;\" width=\"793\">80 pi\u00e8ces par paquet, ou OEM<\/td>\n<\/tr>\n<tr style=\"height: 14.00pt;\">\n<td style=\"height: 14.00pt;\" height=\"28\">Mat\u00e9riau de l'emballage<\/td>\n<td>PE PET OPP<\/td>\n<\/tr>\n<tr style=\"height: 14.00pt;\">\n<td style=\"height: 14.00pt;\" height=\"28\">Carton<\/td>\n<td>24 paquets par carton ou OEM<\/td>\n<\/tr>\n<tr style=\"height: 14.00pt;\">\n<td style=\"height: 14.00pt;\" height=\"28\">Temps d'avance<\/td>\n<td>Environ 40 jours<\/td>\n<\/tr>\n<tr style=\"height: 14.00pt;\">\n<td style=\"height: 14.00pt;\" height=\"28\">Port de chargement<\/td>\n<td>Shenzhen Chine<\/td>\n<\/tr>\n<\/tbody>\n<\/table>","protected":false},"excerpt":{"rendered":"<p>Features of baby wipes Compostable and Plant-based: Made from plant-based materials, these baby wipes are compostable and environmentally friendly. High Moisture Content: Over 99% water, making sure the wipes are moist and gentle. Transparent Formula: Only 7 transparent ingredients, gentle and safe for baby\u2019s sensitive skin but great for the whole family. Hypoallergenic, Fragrance Free, [&hellip;]<\/p>\n","protected":false},"featured_media":7385,"comment_status":"open","ping_status":"closed","template":"","meta":{"site-sidebar-layout":"default","site-content-layout":"","ast-site-content-layout":"default","site-content-style":"default","site-sidebar-style":"default","ast-global-header-display":"","ast-banner-title-visibility":"","ast-main-header-display":"","ast-hfb-above-header-display":"","ast-hfb-below-header-display":"","ast-hfb-mobile-header-display":"","site-post-title":"","ast-breadcrumbs-content":"","ast-featured-img":"","footer-sml-layout":"","theme-transparent-header-meta":"default","adv-header-id-meta":"","stick-header-meta":"","header-above-stick-meta":"","header-main-stick-meta":"","header-below-stick-meta":"","astra-migrate-meta-layouts":"set","ast-page-background-enabled":"default","ast-page-background-meta":{"desktop":{"background-color":"var(--ast-global-color-4)","background-image":"","background-repeat":"repeat","background-position":"center center","background-size":"auto","background-attachment":"scroll","background-type":"","background-media":"","overlay-type":"","overlay-color":"","overlay-opacity":"","overlay-gradient":""},"tablet":{"background-color":"","background-image":"","background-repeat":"repeat","background-position":"center center","background-size":"auto","background-attachment":"scroll","background-type":"","background-media":"","overlay-type":"","overlay-color":"","overlay-opacity":"","overlay-gradient":""},"mobile":{"background-color":"","background-image":"","background-repeat":"repeat","background-position":"center center","background-size":"auto","background-attachment":"scroll","background-type":"","background-media":"","overlay-type":"","overlay-color":"","overlay-opacity":"","overlay-gradient":""}},"ast-content-background-meta":{"desktop":{"background-color":"var(--ast-global-color-5)","background-image":"","background-repeat":"repeat","background-position":"center center","background-size":"auto","background-attachment":"scroll","background-type":"","background-media":"","overlay-type":"","overlay-color":"","overlay-opacity":"","overlay-gradient":""},"tablet":{"background-color":"var(--ast-global-color-5)","background-image":"","background-repeat":"repeat","background-position":"center center","background-size":"auto","background-attachment":"scroll","background-type":"","background-media":"","overlay-type":"","overlay-color":"","overlay-opacity":"","overlay-gradient":""},"mobile":{"background-color":"var(--ast-global-color-5)","background-image":"","background-repeat":"repeat","background-position":"center center","background-size":"auto","background-attachment":"scroll","background-type":"","background-media":"","overlay-type":"","overlay-color":"","overlay-opacity":"","overlay-gradient":""}}},"product_brand":[],"product_cat":[26],"product_tag":[],"class_list":{"0":"post-7395","1":"product","2":"type-product","3":"status-publish","4":"has-post-thumbnail","6":"product_cat-baby-wipes","7":"desktop-align-left","8":"tablet-align-left","9":"mobile-align-left","11":"first","12":"instock","13":"shipping-taxable","14":"product-type-simple"},"_links":{"self":[{"href":"https:\/\/www.asso-group.com\/fr\/wp-json\/wp\/v2\/product\/7395","targetHints":{"allow":["GET"]}}],"collection":[{"href":"https:\/\/www.asso-group.com\/fr\/wp-json\/wp\/v2\/product"}],"about":[{"href":"https:\/\/www.asso-group.com\/fr\/wp-json\/wp\/v2\/types\/product"}],"replies":[{"embeddable":true,"href":"https:\/\/www.asso-group.com\/fr\/wp-json\/wp\/v2\/comments?post=7395"}],"wp:featuredmedia":[{"embeddable":true,"href":"https:\/\/www.asso-group.com\/fr\/wp-json\/wp\/v2\/media\/7385"}],"wp:attachment":[{"href":"https:\/\/www.asso-group.com\/fr\/wp-json\/wp\/v2\/media?parent=7395"}],"wp:term":[{"taxonomy":"product_brand","embeddable":true,"href":"https:\/\/www.asso-group.com\/fr\/wp-json\/wp\/v2\/product_brand?post=7395"},{"taxonomy":"product_cat","embeddable":true,"href":"https:\/\/www.asso-group.com\/fr\/wp-json\/wp\/v2\/product_cat?post=7395"},{"taxonomy":"product_tag","embeddable":true,"href":"https:\/\/www.asso-group.com\/fr\/wp-json\/wp\/v2\/product_tag?post=7395"}],"curies":[{"name":"wp","href":"https:\/\/api.w.org\/{rel}","templated":true}]}}