{"id":7399,"date":"2024-11-28T11:40:42","date_gmt":"2024-11-28T11:40:42","guid":{"rendered":"https:\/\/asso-group.com\/?post_type=product&#038;p=7399"},"modified":"2024-12-23T03:45:18","modified_gmt":"2024-12-23T03:45:18","slug":"unscented-diaper-wipes-non-allergenic-and-formulated-with-plant-derived-ingredients","status":"publish","type":"product","link":"https:\/\/www.asso-group.com\/fr\/product\/unscented-diaper-wipes-non-allergenic-and-formulated-with-plant-derived-ingredients\/","title":{"rendered":"Lingettes non parfum\u00e9es, non allerg\u00e8nes et formul\u00e9es \u00e0 partir d'ingr\u00e9dients d'origine v\u00e9g\u00e9tale."},"content":{"rendered":"<h2>Caract\u00e9ristiques des lingettes pour b\u00e9b\u00e9s<\/h2>\n<ul>\n<li><strong>Ingr\u00e9dients d'origine v\u00e9g\u00e9tale :<\/strong> Fabriqu\u00e9s \u00e0 partir d'ingr\u00e9dients d'origine v\u00e9g\u00e9tale et d'autres ingr\u00e9dients choisis avec soin, ils mettent l'accent sur la protection de l'environnement et de la nature.<\/li>\n<li><strong>Sans additifs nocifs :<\/strong> Ne contient pas de parab\u00e8nes (conservateurs), de phtalates (plastifiants), de colorants ou de parfums pour r\u00e9duire le risque d'irritation et d'allergie de la peau de b\u00e9b\u00e9.<\/li>\n<li><strong>Parfait pour les parents imparfaits :<\/strong> Ces lingettes sont donc parfaites pour une grande vari\u00e9t\u00e9 de situations parentales, y compris les moments o\u00f9 un nettoyage rapide et facile est n\u00e9cessaire.<\/li>\n<li><strong>Non allerg\u00e8ne :<\/strong> Test\u00e9 par des p\u00e9diatres et des dermatologues pour la peau sensible des b\u00e9b\u00e9s et des enfants.<\/li>\n<li><strong>Enrichi d'ingr\u00e9dients naturels pour le soin de la peau :<\/strong> Le produit contient de l'huile d'avocat et de l'extrait d'aloe vera, qui contribuent \u00e0 hydrater et \u00e0 apaiser la peau.<\/li>\n<li><strong>Non parfum\u00e9 :<\/strong> La formule sans parfum r\u00e9duit encore le risque d'allergies et d'irritations.<\/li>\n<li><strong>Non test\u00e9 sur les animaux :<\/strong> Les produits ne sont pas test\u00e9s sur les animaux, ce qui en fait un choix de consommation \u00e9thique et respectueux de l'environnement.<\/li>\n<\/ul>\n<h2>Produit de marque priv\u00e9e personnalis\u00e9<\/h2>\n<p>Nous proposons diff\u00e9rents ingr\u00e9dients, lotions, formules, poids de tissu, tailles et emballages.<\/p>\n<h2>Informations sur le produit<\/h2>\n<table width=\"1051\">\n<tbody>\n<tr>\n<td width=\"258\">Mat\u00e9riau<\/td>\n<td width=\"793\">45 g\/m\u00b2, fil\u00e9 \u00e0 la main ou OEM<\/td>\n<\/tr>\n<tr>\n<td>Taille de la feuille<\/td>\n<td>15*20cm ou OEM<\/td>\n<\/tr>\n<tr>\n<td>Couleur d'impression<\/td>\n<td>jusqu'\u00e0 8 couleurs<\/td>\n<\/tr>\n<tr>\n<td>MOQ<\/td>\n<td>10k - 30k<\/td>\n<\/tr>\n<tr>\n<td>\u00c9chantillon<\/td>\n<td>Gratuit<\/td>\n<\/tr>\n<tr>\n<td>Certificats<\/td>\n<td>ISO9001, ISO 14001, ISO 22716, GMP, ISO 13485,FDA ,CE, MDR,OEKO-TEX\u00ae.<\/td>\n<\/tr>\n<tr>\n<td>Audit d'usine<\/td>\n<td>Oui<\/td>\n<\/tr>\n<tr>\n<td>Paiement<\/td>\n<td>T\/T<\/td>\n<\/tr>\n<\/tbody>\n<\/table>\n<h2>Emballage et livraison<\/h2>\n<table style=\"border-collapse: collapse; width: 525.52pt;\" border=\"0\" width=\"1051\" cellspacing=\"0\" cellpadding=\"0\">\n<tbody>\n<tr style=\"height: 14.00pt;\">\n<td style=\"height: 14.00pt; width: 129.00pt;\" width=\"258\" height=\"28\">Emballage<\/td>\n<td style=\"width: 396.50pt;\" width=\"793\">80 pi\u00e8ces par paquet, ou OEM<\/td>\n<\/tr>\n<tr style=\"height: 14.00pt;\">\n<td style=\"height: 14.00pt;\" height=\"28\">Mat\u00e9riau de l'emballage<\/td>\n<td>PE PET OPP<\/td>\n<\/tr>\n<tr style=\"height: 14.00pt;\">\n<td style=\"height: 14.00pt;\" height=\"28\">Carton<\/td>\n<td>24 paquets par carton ou OEM<\/td>\n<\/tr>\n<tr style=\"height: 14.00pt;\">\n<td style=\"height: 14.00pt;\" height=\"28\">Temps d'avance<\/td>\n<td>Environ 40 jours<\/td>\n<\/tr>\n<tr style=\"height: 14.00pt;\">\n<td style=\"height: 14.00pt;\" height=\"28\">Port de chargement<\/td>\n<td>Shenzhen Chine<\/td>\n<\/tr>\n<\/tbody>\n<\/table>","protected":false},"excerpt":{"rendered":"<p>Features of baby wipes Plant-derived Ingredients: Made with plant-derived and other thoughtfully chosen ingredients, with a focus on natural and environmental protection. No Harmful Additives: Contains no parabens (preservatives), phthalates (plasticizers), dyes or fragrances to reduce the risk of irritation and allergies to baby&#8217;s skin. Perfect for Imperfect Parenting: Meaning these wipes are perfect for [&hellip;]<\/p>","protected":false},"featured_media":7885,"comment_status":"open","ping_status":"closed","template":"","meta":{"site-sidebar-layout":"default","site-content-layout":"","ast-site-content-layout":"default","site-content-style":"default","site-sidebar-style":"default","ast-global-header-display":"","ast-banner-title-visibility":"","ast-main-header-display":"","ast-hfb-above-header-display":"","ast-hfb-below-header-display":"","ast-hfb-mobile-header-display":"","site-post-title":"","ast-breadcrumbs-content":"","ast-featured-img":"","footer-sml-layout":"","theme-transparent-header-meta":"default","adv-header-id-meta":"","stick-header-meta":"","header-above-stick-meta":"","header-main-stick-meta":"","header-below-stick-meta":"","astra-migrate-meta-layouts":"set","ast-page-background-enabled":"default","ast-page-background-meta":{"desktop":{"background-color":"var(--ast-global-color-4)","background-image":"","background-repeat":"repeat","background-position":"center center","background-size":"auto","background-attachment":"scroll","background-type":"","background-media":"","overlay-type":"","overlay-color":"","overlay-opacity":"","overlay-gradient":""},"tablet":{"background-color":"","background-image":"","background-repeat":"repeat","background-position":"center center","background-size":"auto","background-attachment":"scroll","background-type":"","background-media":"","overlay-type":"","overlay-color":"","overlay-opacity":"","overlay-gradient":""},"mobile":{"background-color":"","background-image":"","background-repeat":"repeat","background-position":"center center","background-size":"auto","background-attachment":"scroll","background-type":"","background-media":"","overlay-type":"","overlay-color":"","overlay-opacity":"","overlay-gradient":""}},"ast-content-background-meta":{"desktop":{"background-color":"var(--ast-global-color-5)","background-image":"","background-repeat":"repeat","background-position":"center center","background-size":"auto","background-attachment":"scroll","background-type":"","background-media":"","overlay-type":"","overlay-color":"","overlay-opacity":"","overlay-gradient":""},"tablet":{"background-color":"var(--ast-global-color-5)","background-image":"","background-repeat":"repeat","background-position":"center center","background-size":"auto","background-attachment":"scroll","background-type":"","background-media":"","overlay-type":"","overlay-color":"","overlay-opacity":"","overlay-gradient":""},"mobile":{"background-color":"var(--ast-global-color-5)","background-image":"","background-repeat":"repeat","background-position":"center center","background-size":"auto","background-attachment":"scroll","background-type":"","background-media":"","overlay-type":"","overlay-color":"","overlay-opacity":"","overlay-gradient":""}}},"product_brand":[],"product_cat":[26],"product_tag":[],"class_list":{"0":"post-7399","1":"product","2":"type-product","3":"status-publish","4":"has-post-thumbnail","6":"product_cat-baby-wipes","7":"desktop-align-left","8":"tablet-align-left","9":"mobile-align-left","11":"first","12":"instock","13":"shipping-taxable","14":"product-type-simple"},"_links":{"self":[{"href":"https:\/\/www.asso-group.com\/fr\/wp-json\/wp\/v2\/product\/7399","targetHints":{"allow":["GET"]}}],"collection":[{"href":"https:\/\/www.asso-group.com\/fr\/wp-json\/wp\/v2\/product"}],"about":[{"href":"https:\/\/www.asso-group.com\/fr\/wp-json\/wp\/v2\/types\/product"}],"replies":[{"embeddable":true,"href":"https:\/\/www.asso-group.com\/fr\/wp-json\/wp\/v2\/comments?post=7399"}],"wp:featuredmedia":[{"embeddable":true,"href":"https:\/\/www.asso-group.com\/fr\/wp-json\/wp\/v2\/media\/7885"}],"wp:attachment":[{"href":"https:\/\/www.asso-group.com\/fr\/wp-json\/wp\/v2\/media?parent=7399"}],"wp:term":[{"taxonomy":"product_brand","embeddable":true,"href":"https:\/\/www.asso-group.com\/fr\/wp-json\/wp\/v2\/product_brand?post=7399"},{"taxonomy":"product_cat","embeddable":true,"href":"https:\/\/www.asso-group.com\/fr\/wp-json\/wp\/v2\/product_cat?post=7399"},{"taxonomy":"product_tag","embeddable":true,"href":"https:\/\/www.asso-group.com\/fr\/wp-json\/wp\/v2\/product_tag?post=7399"}],"curies":[{"name":"wp","href":"https:\/\/api.w.org\/{rel}","templated":true}]}}