{"id":7414,"date":"2024-11-28T12:39:57","date_gmt":"2024-11-28T12:39:57","guid":{"rendered":"https:\/\/asso-group.com\/?post_type=product&#038;p=7414"},"modified":"2024-12-23T03:48:07","modified_gmt":"2024-12-23T03:48:07","slug":"spunlace-nonwoven-fabric-parallel-for-medical-supplies-production","status":"publish","type":"product","link":"https:\/\/www.asso-group.com\/fr\/product\/spunlace-nonwoven-fabric-parallel-for-medical-supplies-production\/","title":{"rendered":"Tissu non-tiss\u00e9 fil\u00e9 en parall\u00e8le pour la production de fournitures m\u00e9dicales"},"content":{"rendered":"<h2>Caract\u00e9ristiques<\/h2>\n<ul>\n<li><strong>Parallel<\/strong><\/li>\n<li><strong>Various Patterns:<\/strong> Small\/big dot; mesh.<\/li>\n<li><strong>Fabric is uniform, smooth.<\/strong><\/li>\n<li><strong>No unusual odor.<\/strong><\/li>\n<li><strong>No fluorescence.<\/strong><\/li>\n<li><strong>Nolinting.<\/strong><\/li>\n<li><strong>30-60 or according to your requirements.<\/strong><\/li>\n<li><strong>Width:<\/strong> 8 \u2013 300 cm.<\/li>\n<\/ul>","protected":false},"excerpt":{"rendered":"<p>Features Parallel Various Patterns: Small\/big dot; mesh. Fabric is uniform, smooth. No unusual odor. No fluorescence. Nolinting. 30-60 or according to your requirements. Width: 8 \u2013 300 cm.<\/p>","protected":false},"featured_media":7888,"comment_status":"open","ping_status":"closed","template":"","meta":{"site-sidebar-layout":"default","site-content-layout":"","ast-site-content-layout":"default","site-content-style":"default","site-sidebar-style":"default","ast-global-header-display":"","ast-banner-title-visibility":"","ast-main-header-display":"","ast-hfb-above-header-display":"","ast-hfb-below-header-display":"","ast-hfb-mobile-header-display":"","site-post-title":"","ast-breadcrumbs-content":"","ast-featured-img":"","footer-sml-layout":"","theme-transparent-header-meta":"default","adv-header-id-meta":"","stick-header-meta":"","header-above-stick-meta":"","header-main-stick-meta":"","header-below-stick-meta":"","astra-migrate-meta-layouts":"set","ast-page-background-enabled":"default","ast-page-background-meta":{"desktop":{"background-color":"var(--ast-global-color-4)","background-image":"","background-repeat":"repeat","background-position":"center center","background-size":"auto","background-attachment":"scroll","background-type":"","background-media":"","overlay-type":"","overlay-color":"","overlay-opacity":"","overlay-gradient":""},"tablet":{"background-color":"","background-image":"","background-repeat":"repeat","background-position":"center center","background-size":"auto","background-attachment":"scroll","background-type":"","background-media":"","overlay-type":"","overlay-color":"","overlay-opacity":"","overlay-gradient":""},"mobile":{"background-color":"","background-image":"","background-repeat":"repeat","background-position":"center center","background-size":"auto","background-attachment":"scroll","background-type":"","background-media":"","overlay-type":"","overlay-color":"","overlay-opacity":"","overlay-gradient":""}},"ast-content-background-meta":{"desktop":{"background-color":"var(--ast-global-color-5)","background-image":"","background-repeat":"repeat","background-position":"center center","background-size":"auto","background-attachment":"scroll","background-type":"","background-media":"","overlay-type":"","overlay-color":"","overlay-opacity":"","overlay-gradient":""},"tablet":{"background-color":"var(--ast-global-color-5)","background-image":"","background-repeat":"repeat","background-position":"center center","background-size":"auto","background-attachment":"scroll","background-type":"","background-media":"","overlay-type":"","overlay-color":"","overlay-opacity":"","overlay-gradient":""},"mobile":{"background-color":"var(--ast-global-color-5)","background-image":"","background-repeat":"repeat","background-position":"center center","background-size":"auto","background-attachment":"scroll","background-type":"","background-media":"","overlay-type":"","overlay-color":"","overlay-opacity":"","overlay-gradient":""}}},"product_brand":[],"product_cat":[31],"product_tag":[],"class_list":{"0":"post-7414","1":"product","2":"type-product","3":"status-publish","4":"has-post-thumbnail","6":"product_cat-roll-spunlace","7":"desktop-align-left","8":"tablet-align-left","9":"mobile-align-left","11":"first","12":"instock","13":"shipping-taxable","14":"product-type-simple"},"_links":{"self":[{"href":"https:\/\/www.asso-group.com\/fr\/wp-json\/wp\/v2\/product\/7414","targetHints":{"allow":["GET"]}}],"collection":[{"href":"https:\/\/www.asso-group.com\/fr\/wp-json\/wp\/v2\/product"}],"about":[{"href":"https:\/\/www.asso-group.com\/fr\/wp-json\/wp\/v2\/types\/product"}],"replies":[{"embeddable":true,"href":"https:\/\/www.asso-group.com\/fr\/wp-json\/wp\/v2\/comments?post=7414"}],"wp:featuredmedia":[{"embeddable":true,"href":"https:\/\/www.asso-group.com\/fr\/wp-json\/wp\/v2\/media\/7888"}],"wp:attachment":[{"href":"https:\/\/www.asso-group.com\/fr\/wp-json\/wp\/v2\/media?parent=7414"}],"wp:term":[{"taxonomy":"product_brand","embeddable":true,"href":"https:\/\/www.asso-group.com\/fr\/wp-json\/wp\/v2\/product_brand?post=7414"},{"taxonomy":"product_cat","embeddable":true,"href":"https:\/\/www.asso-group.com\/fr\/wp-json\/wp\/v2\/product_cat?post=7414"},{"taxonomy":"product_tag","embeddable":true,"href":"https:\/\/www.asso-group.com\/fr\/wp-json\/wp\/v2\/product_tag?post=7414"}],"curies":[{"name":"wp","href":"https:\/\/api.w.org\/{rel}","templated":true}]}}