{"id":7418,"date":"2024-11-28T12:47:34","date_gmt":"2024-11-28T12:47:34","guid":{"rendered":"https:\/\/asso-group.com\/?post_type=product&#038;p=7418"},"modified":"2024-12-23T03:15:00","modified_gmt":"2024-12-23T03:15:00","slug":"senior-care-wet-wipes","status":"publish","type":"product","link":"https:\/\/www.asso-group.com\/fr\/product\/senior-care-wet-wipes\/","title":{"rendered":"Lingettes humides pour personnes \u00e2g\u00e9es"},"content":{"rendered":"<h2>Caract\u00e9ristiques<\/h2>\n<ul>\n<li><strong>80 pi\u00e8ces par paquet.<\/strong><\/li>\n<li><strong>Taille extra-large.<\/strong><\/li>\n<li><strong>S\u00fbr et doux pour les peaux les plus sensibles.<\/strong><\/li>\n<li><strong>Produit de marque priv\u00e9e personnalis\u00e9 :<\/strong> Nous proposons diff\u00e9rents ingr\u00e9dients, lotions, formules, poids de tissu, tailles et emballages.<\/li>\n<li><strong>Propri\u00e9t\u00e9s du mat\u00e9riau :<\/strong> Tissus non tiss\u00e9s \u00e0 mailles de 45 g, parall\u00e8les ou crois\u00e9s.<\/li>\n<li><strong>Taille :<\/strong> Sur mesure.<\/li>\n<\/ul>","protected":false},"excerpt":{"rendered":"<p>Caract\u00e9ristiques 80 pi\u00e8ces par paquet. Tr\u00e8s grande taille. S\u00fbr et doux pour les peaux les plus sensibles. Produit personnalis\u00e9 de marque priv\u00e9e : Nous proposons diff\u00e9rents ingr\u00e9dients, lotions, formules, poids de tissu, tailles et emballages. Propri\u00e9t\u00e9s du mat\u00e9riau : Tissu non tiss\u00e9 \u00e0 mailles de 45 g, parall\u00e8le ou crois\u00e9. Taille : Personnalis\u00e9es.<\/p>","protected":false},"featured_media":7877,"comment_status":"open","ping_status":"closed","template":"","meta":{"site-sidebar-layout":"default","site-content-layout":"","ast-site-content-layout":"default","site-content-style":"default","site-sidebar-style":"default","ast-global-header-display":"","ast-banner-title-visibility":"","ast-main-header-display":"","ast-hfb-above-header-display":"","ast-hfb-below-header-display":"","ast-hfb-mobile-header-display":"","site-post-title":"","ast-breadcrumbs-content":"","ast-featured-img":"","footer-sml-layout":"","theme-transparent-header-meta":"default","adv-header-id-meta":"","stick-header-meta":"","header-above-stick-meta":"","header-main-stick-meta":"","header-below-stick-meta":"","astra-migrate-meta-layouts":"set","ast-page-background-enabled":"default","ast-page-background-meta":{"desktop":{"background-color":"var(--ast-global-color-4)","background-image":"","background-repeat":"repeat","background-position":"center center","background-size":"auto","background-attachment":"scroll","background-type":"","background-media":"","overlay-type":"","overlay-color":"","overlay-opacity":"","overlay-gradient":""},"tablet":{"background-color":"","background-image":"","background-repeat":"repeat","background-position":"center center","background-size":"auto","background-attachment":"scroll","background-type":"","background-media":"","overlay-type":"","overlay-color":"","overlay-opacity":"","overlay-gradient":""},"mobile":{"background-color":"","background-image":"","background-repeat":"repeat","background-position":"center center","background-size":"auto","background-attachment":"scroll","background-type":"","background-media":"","overlay-type":"","overlay-color":"","overlay-opacity":"","overlay-gradient":""}},"ast-content-background-meta":{"desktop":{"background-color":"var(--ast-global-color-5)","background-image":"","background-repeat":"repeat","background-position":"center center","background-size":"auto","background-attachment":"scroll","background-type":"","background-media":"","overlay-type":"","overlay-color":"","overlay-opacity":"","overlay-gradient":""},"tablet":{"background-color":"var(--ast-global-color-5)","background-image":"","background-repeat":"repeat","background-position":"center center","background-size":"auto","background-attachment":"scroll","background-type":"","background-media":"","overlay-type":"","overlay-color":"","overlay-opacity":"","overlay-gradient":""},"mobile":{"background-color":"var(--ast-global-color-5)","background-image":"","background-repeat":"repeat","background-position":"center center","background-size":"auto","background-attachment":"scroll","background-type":"","background-media":"","overlay-type":"","overlay-color":"","overlay-opacity":"","overlay-gradient":""}}},"product_brand":[],"product_cat":[28],"product_tag":[],"class_list":{"0":"post-7418","1":"product","2":"type-product","3":"status-publish","4":"has-post-thumbnail","6":"product_cat-personal-care-wipes","7":"desktop-align-left","8":"tablet-align-left","9":"mobile-align-left","11":"first","12":"instock","13":"shipping-taxable","14":"product-type-simple"},"_links":{"self":[{"href":"https:\/\/www.asso-group.com\/fr\/wp-json\/wp\/v2\/product\/7418","targetHints":{"allow":["GET"]}}],"collection":[{"href":"https:\/\/www.asso-group.com\/fr\/wp-json\/wp\/v2\/product"}],"about":[{"href":"https:\/\/www.asso-group.com\/fr\/wp-json\/wp\/v2\/types\/product"}],"replies":[{"embeddable":true,"href":"https:\/\/www.asso-group.com\/fr\/wp-json\/wp\/v2\/comments?post=7418"}],"wp:featuredmedia":[{"embeddable":true,"href":"https:\/\/www.asso-group.com\/fr\/wp-json\/wp\/v2\/media\/7877"}],"wp:attachment":[{"href":"https:\/\/www.asso-group.com\/fr\/wp-json\/wp\/v2\/media?parent=7418"}],"wp:term":[{"taxonomy":"product_brand","embeddable":true,"href":"https:\/\/www.asso-group.com\/fr\/wp-json\/wp\/v2\/product_brand?post=7418"},{"taxonomy":"product_cat","embeddable":true,"href":"https:\/\/www.asso-group.com\/fr\/wp-json\/wp\/v2\/product_cat?post=7418"},{"taxonomy":"product_tag","embeddable":true,"href":"https:\/\/www.asso-group.com\/fr\/wp-json\/wp\/v2\/product_tag?post=7418"}],"curies":[{"name":"wp","href":"https:\/\/api.w.org\/{rel}","templated":true}]}}