{"id":7460,"date":"2024-11-28T13:52:40","date_gmt":"2024-11-28T13:52:40","guid":{"rendered":"https:\/\/asso-group.com\/?post_type=product&#038;p=7460"},"modified":"2025-10-23T21:26:28","modified_gmt":"2025-10-23T21:26:28","slug":"dog-ear-wet-wipe","status":"publish","type":"product","link":"https:\/\/www.asso-group.com\/fr\/product\/dog-ear-wet-wipe\/","title":{"rendered":"Dog Ear Wet Wipe"},"content":{"rendered":"<h2>Caract\u00e9ristiques<\/h2>\n<ul>\n<li>For dogs.<\/li>\n<li>Ultra soft.<\/li>\n<li>100% alcohol free.<\/li>\n<\/ul>\n<p><strong>Produit de marque priv\u00e9e personnalis\u00e9 :<\/strong> We provide OEM &amp; ODM service, the quantity, the weight of the fabric and the package can be customized depending on your demands.<\/p>\n<p><strong>Propri\u00e9t\u00e9s du mat\u00e9riau :<\/strong> 50gsm parallel spunlace 30% viscose + 70% polyester, can be customized.<\/p>\n<p><strong>Packing Details:<\/strong> 40pcs per pack, 48 packs per carton, can be customized.<\/p>","protected":false},"excerpt":{"rendered":"<p>Features For dogs. Ultra soft. 100% alcohol free. Customized Private Label Product: We provide OEM &amp; ODM service, the quantity, the weight of the fabric and the package can be customized depending on your demands. Material Properties: 50gsm parallel spunlace 30% viscose + 70% polyester, can be customized. Packing Details: 40pcs per pack, 48 packs [&hellip;]<\/p>","protected":false},"featured_media":7441,"comment_status":"open","ping_status":"closed","template":"","meta":{"site-sidebar-layout":"default","site-content-layout":"","ast-site-content-layout":"default","site-content-style":"default","site-sidebar-style":"default","ast-global-header-display":"","ast-banner-title-visibility":"","ast-main-header-display":"","ast-hfb-above-header-display":"","ast-hfb-below-header-display":"","ast-hfb-mobile-header-display":"","site-post-title":"","ast-breadcrumbs-content":"","ast-featured-img":"","footer-sml-layout":"","theme-transparent-header-meta":"default","adv-header-id-meta":"","stick-header-meta":"","header-above-stick-meta":"","header-main-stick-meta":"","header-below-stick-meta":"","astra-migrate-meta-layouts":"set","ast-page-background-enabled":"default","ast-page-background-meta":{"desktop":{"background-color":"var(--ast-global-color-4)","background-image":"","background-repeat":"repeat","background-position":"center center","background-size":"auto","background-attachment":"scroll","background-type":"","background-media":"","overlay-type":"","overlay-color":"","overlay-opacity":"","overlay-gradient":""},"tablet":{"background-color":"","background-image":"","background-repeat":"repeat","background-position":"center center","background-size":"auto","background-attachment":"scroll","background-type":"","background-media":"","overlay-type":"","overlay-color":"","overlay-opacity":"","overlay-gradient":""},"mobile":{"background-color":"","background-image":"","background-repeat":"repeat","background-position":"center center","background-size":"auto","background-attachment":"scroll","background-type":"","background-media":"","overlay-type":"","overlay-color":"","overlay-opacity":"","overlay-gradient":""}},"ast-content-background-meta":{"desktop":{"background-color":"var(--ast-global-color-5)","background-image":"","background-repeat":"repeat","background-position":"center center","background-size":"auto","background-attachment":"scroll","background-type":"","background-media":"","overlay-type":"","overlay-color":"","overlay-opacity":"","overlay-gradient":""},"tablet":{"background-color":"var(--ast-global-color-5)","background-image":"","background-repeat":"repeat","background-position":"center center","background-size":"auto","background-attachment":"scroll","background-type":"","background-media":"","overlay-type":"","overlay-color":"","overlay-opacity":"","overlay-gradient":""},"mobile":{"background-color":"var(--ast-global-color-5)","background-image":"","background-repeat":"repeat","background-position":"center center","background-size":"auto","background-attachment":"scroll","background-type":"","background-media":"","overlay-type":"","overlay-color":"","overlay-opacity":"","overlay-gradient":""}}},"product_brand":[],"product_cat":[29],"product_tag":[],"class_list":{"0":"post-7460","1":"product","2":"type-product","3":"status-publish","4":"has-post-thumbnail","6":"product_cat-pet-wipes","7":"desktop-align-left","8":"tablet-align-left","9":"mobile-align-left","11":"first","12":"instock","13":"shipping-taxable","14":"product-type-simple"},"_links":{"self":[{"href":"https:\/\/www.asso-group.com\/fr\/wp-json\/wp\/v2\/product\/7460","targetHints":{"allow":["GET"]}}],"collection":[{"href":"https:\/\/www.asso-group.com\/fr\/wp-json\/wp\/v2\/product"}],"about":[{"href":"https:\/\/www.asso-group.com\/fr\/wp-json\/wp\/v2\/types\/product"}],"replies":[{"embeddable":true,"href":"https:\/\/www.asso-group.com\/fr\/wp-json\/wp\/v2\/comments?post=7460"}],"wp:featuredmedia":[{"embeddable":true,"href":"https:\/\/www.asso-group.com\/fr\/wp-json\/wp\/v2\/media\/7441"}],"wp:attachment":[{"href":"https:\/\/www.asso-group.com\/fr\/wp-json\/wp\/v2\/media?parent=7460"}],"wp:term":[{"taxonomy":"product_brand","embeddable":true,"href":"https:\/\/www.asso-group.com\/fr\/wp-json\/wp\/v2\/product_brand?post=7460"},{"taxonomy":"product_cat","embeddable":true,"href":"https:\/\/www.asso-group.com\/fr\/wp-json\/wp\/v2\/product_cat?post=7460"},{"taxonomy":"product_tag","embeddable":true,"href":"https:\/\/www.asso-group.com\/fr\/wp-json\/wp\/v2\/product_tag?post=7460"}],"curies":[{"name":"wp","href":"https:\/\/api.w.org\/{rel}","templated":true}]}}